{"id":19072,"date":"2021-04-27T16:18:54","date_gmt":"2021-04-27T16:18:54","guid":{"rendered":"https:\/\/parfume.ee\/pood\/uncategorized\/attar-azora-edp\/"},"modified":"2024-12-20T00:00:51","modified_gmt":"2024-12-20T00:00:51","slug":"attar-azora-edp","status":"publish","type":"product","link":"https:\/\/parfume.ee\/ru\/\u043c\u0430\u0433\u0430\u0437\u0438\u043d\/%d0%b6%d0%b5%d0%bd%d1%89%d0%b8%d0%bd%d1%8b\/%d0%bf%d0%b0%d1%80%d1%84%d1%8e%d0%bc%d0%b5%d1%80%d0%b8%d1%8f\/%d0%be%d1%82%d0%bb%d0%b8%d0%b2%d0%b0%d0%bd%d1%82%d1%8b\/attar-azora-edp\/","title":{"rendered":"Attar Azora EDP"},"content":{"rendered":"","protected":false},"excerpt":{"rendered":"<p>Azora on luksuslik, rafineeritud valgete lillede segut. Selles ebatavalises l\u00f5hna\u00f5lis kajab igavesti tema armastus ja s\u00fcdamevalu. Magusad valged lilled s\u00fcmboliseerivad ohtu, jasmiinid \u2013 kiindumust, lit\u0161i \u2013 salaarmastust, virsikud \u2013 s\u00fcdame puhtust. Iga koostisosa paljastab l\u00f5putult emotsioone ja t\u00e4hendusi.Azora on luksuslik, rafineeritud valgete lillede segut.<\/p>\n<p>Selles ebatavalises l\u00f5hna\u00f5lis kajab igavesti tema armastus ja s\u00fcdamevalu.<\/p>\n<p>Magusad valged lilled s\u00fcmboliseerivad ohtu, jasmiinid \u2013 kiindumust, lit\u0161i \u2013 salaarmastust, virsikud \u2013 s\u00fcdame puhtust.<\/p>\n<p>Iga koostisosa paljastab l\u00f5putult emotsioone ja t\u00e4hendusi.<\/p>\n","protected":false},"featured_media":19071,"template":"","meta":{"inline_featured_image":false},"pwb-brand":[1881],"product_brand":[],"product_cat":[2522],"product_tag":[],"class_list":{"0":"post-19072","1":"product","2":"type-product","3":"status-publish","4":"has-post-thumbnail","6":"pwb-brand-attar","7":"product_cat-2522","8":"pa_maht-2-","9":"notes-1031","10":"notes-1503","11":"notes-1508","12":"notes-255","13":"notes-1420","14":"notes-1087","15":"notes-1334","16":"notes-1526","18":"first","19":"instock","20":"shipping-taxable","21":"purchasable","22":"product-type-variable"},"yoast_head":"<!-- This site is optimized with the Yoast SEO Premium plugin v20.13 (Yoast SEO v27.1.1) - https:\/\/yoast.com\/product\/yoast-seo-premium-wordpress\/ -->\n<title>Attar Azora EDP - Parfume.ee<\/title>\n<meta name=\"description\" content=\"Azora on luksuslik, rafineeritud valgete lillede segut. Selles ebatavalises l\u00f5hna\u00f5lis kajab igavesti tema armastus ja s\u00fcdamevalu. Magusad valged lilled s\u00fcmboliseerivad ohtu, jasmiinid \u2013 kiindumust, lit\u0161i \u2013 salaarmastust, virsikud \u2013 s\u00fcdame puhtust. Iga koostisosa paljastab l\u00f5putult emotsioone ja t\u00e4hendusi.Azora on luksuslik, rafineeritud valgete lillede segut.  Selles ebatavalises l\u00f5hna\u00f5lis kajab igavesti tema armastus ja s\u00fcdamevalu.  Magusad valged lilled s\u00fcmboliseerivad ohtu, jasmiinid \u2013 kiindumust, lit\u0161i \u2013 salaarmastust, virsikud \u2013 s\u00fcdame puhtust.  Iga koostisosa paljastab l\u00f5putult emotsioone ja t\u00e4hendusi.\" \/>\n<meta name=\"robots\" content=\"index, follow, max-snippet:-1, max-image-preview:large, max-video-preview:-1\" \/>\n<link rel=\"canonical\" href=\"https:\/\/parfume.ee\/ru\/\u043c\u0430\u0433\u0430\u0437\u0438\u043d\/\u0436\u0435\u043d\u0449\u0438\u043d\u044b\/\u043f\u0430\u0440\u0444\u044e\u043c\u0435\u0440\u0438\u044f\/\u043e\u0442\u043b\u0438\u0432\u0430\u043d\u0442\u044b\/attar-azora-edp\/\" \/>\n<meta property=\"og:locale\" content=\"ru_RU\" \/>\n<meta property=\"og:type\" content=\"article\" \/>\n<meta property=\"og:title\" content=\"Attar Azora EDP\" \/>\n<meta property=\"og:description\" content=\"Azora on luksuslik, rafineeritud valgete lillede segut. Selles ebatavalises l\u00f5hna\u00f5lis kajab igavesti tema armastus ja s\u00fcdamevalu. Magusad valged lilled s\u00fcmboliseerivad ohtu, jasmiinid \u2013 kiindumust, lit\u0161i \u2013 salaarmastust, virsikud \u2013 s\u00fcdame puhtust. Iga koostisosa paljastab l\u00f5putult emotsioone ja t\u00e4hendusi.Azora on luksuslik, rafineeritud valgete lillede segut.  Selles ebatavalises l\u00f5hna\u00f5lis kajab igavesti tema armastus ja s\u00fcdamevalu.  Magusad valged lilled s\u00fcmboliseerivad ohtu, jasmiinid \u2013 kiindumust, lit\u0161i \u2013 salaarmastust, virsikud \u2013 s\u00fcdame puhtust.  Iga koostisosa paljastab l\u00f5putult emotsioone ja t\u00e4hendusi.\" \/>\n<meta property=\"og:url\" content=\"https:\/\/parfume.ee\/ru\/\u043c\u0430\u0433\u0430\u0437\u0438\u043d\/\u0436\u0435\u043d\u0449\u0438\u043d\u044b\/\u043f\u0430\u0440\u0444\u044e\u043c\u0435\u0440\u0438\u044f\/\u043e\u0442\u043b\u0438\u0432\u0430\u043d\u0442\u044b\/attar-azora-edp\/\" \/>\n<meta property=\"og:site_name\" content=\"Parfume.ee\" \/>\n<meta property=\"article:publisher\" content=\"https:\/\/www.facebook.com\/vivasbuduaar\" \/>\n<meta property=\"article:modified_time\" content=\"2024-12-20T00:00:51+00:00\" \/>\n<meta property=\"og:image\" content=\"https:\/\/parfume.ee\/wp-content\/uploads\/2021\/04\/Attar-Azora-EDP.jpg\" \/>\n\t<meta property=\"og:image:width\" content=\"845\" \/>\n\t<meta property=\"og:image:height\" content=\"845\" \/>\n\t<meta property=\"og:image:type\" content=\"image\/jpeg\" \/>\n<meta name=\"twitter:card\" content=\"summary_large_image\" \/>\n<meta name=\"twitter:label1\" content=\"\u0414\u043e\u0441\u0442\u0443\u043f\u043d\u043e\u0441\u0442\u044c\" \/>\n\t<meta name=\"twitter:data1\" content=\"\u0412 \u043d\u0430\u043b\u0438\u0447\u0438\u0438\" \/>\n<script type=\"application\/ld+json\" class=\"yoast-schema-graph\">{\"@context\":\"https:\/\/schema.org\",\"@graph\":[{\"@type\":[\"WebPage\",\"ItemPage\"],\"@id\":\"https:\/\/parfume.ee\/ru\/\u043c\u0430\u0433\u0430\u0437\u0438\u043d\/%d0%b6%d0%b5%d0%bd%d1%89%d0%b8%d0%bd%d1%8b\/%d0%bf%d0%b0%d1%80%d1%84%d1%8e%d0%bc%d0%b5%d1%80%d0%b8%d1%8f\/%d0%be%d1%82%d0%bb%d0%b8%d0%b2%d0%b0%d0%bd%d1%82%d1%8b\/attar-azora-edp\/\",\"url\":\"https:\/\/parfume.ee\/ru\/\u043c\u0430\u0433\u0430\u0437\u0438\u043d\/%d0%b6%d0%b5%d0%bd%d1%89%d0%b8%d0%bd%d1%8b\/%d0%bf%d0%b0%d1%80%d1%84%d1%8e%d0%bc%d0%b5%d1%80%d0%b8%d1%8f\/%d0%be%d1%82%d0%bb%d0%b8%d0%b2%d0%b0%d0%bd%d1%82%d1%8b\/attar-azora-edp\/\",\"name\":\"Attar Azora EDP - Parfume.ee\",\"isPartOf\":{\"@id\":\"https:\/\/parfume.ee\/#website\"},\"primaryImageOfPage\":{\"@id\":\"https:\/\/parfume.ee\/ru\/\u043c\u0430\u0433\u0430\u0437\u0438\u043d\/%d0%b6%d0%b5%d0%bd%d1%89%d0%b8%d0%bd%d1%8b\/%d0%bf%d0%b0%d1%80%d1%84%d1%8e%d0%bc%d0%b5%d1%80%d0%b8%d1%8f\/%d0%be%d1%82%d0%bb%d0%b8%d0%b2%d0%b0%d0%bd%d1%82%d1%8b\/attar-azora-edp\/#primaryimage\"},\"image\":{\"@id\":\"https:\/\/parfume.ee\/ru\/\u043c\u0430\u0433\u0430\u0437\u0438\u043d\/%d0%b6%d0%b5%d0%bd%d1%89%d0%b8%d0%bd%d1%8b\/%d0%bf%d0%b0%d1%80%d1%84%d1%8e%d0%bc%d0%b5%d1%80%d0%b8%d1%8f\/%d0%be%d1%82%d0%bb%d0%b8%d0%b2%d0%b0%d0%bd%d1%82%d1%8b\/attar-azora-edp\/#primaryimage\"},\"thumbnailUrl\":\"https:\/\/i0.wp.com\/parfume.ee\/wp-content\/uploads\/2021\/04\/Attar-Azora-EDP.jpg?fit=845%2C845&ssl=1\",\"datePublished\":\"2021-04-27T16:18:54+00:00\",\"dateModified\":\"2024-12-20T00:00:51+00:00\",\"description\":\"Azora on luksuslik, rafineeritud valgete lillede segut. Selles ebatavalises l\u00f5hna\u00f5lis kajab igavesti tema armastus ja s\u00fcdamevalu. Magusad valged lilled s\u00fcmboliseerivad ohtu, jasmiinid \u2013 kiindumust, lit\u0161i \u2013 salaarmastust, virsikud \u2013 s\u00fcdame puhtust. Iga koostisosa paljastab l\u00f5putult emotsioone ja t\u00e4hendusi.Azora on luksuslik, rafineeritud valgete lillede segut. Selles ebatavalises l\u00f5hna\u00f5lis kajab igavesti tema armastus ja s\u00fcdamevalu. Magusad valged lilled s\u00fcmboliseerivad ohtu, jasmiinid \u2013 kiindumust, lit\u0161i \u2013 salaarmastust, virsikud \u2013 s\u00fcdame puhtust. Iga koostisosa paljastab l\u00f5putult emotsioone ja t\u00e4hendusi.\",\"breadcrumb\":{\"@id\":\"https:\/\/parfume.ee\/ru\/\u043c\u0430\u0433\u0430\u0437\u0438\u043d\/%d0%b6%d0%b5%d0%bd%d1%89%d0%b8%d0%bd%d1%8b\/%d0%bf%d0%b0%d1%80%d1%84%d1%8e%d0%bc%d0%b5%d1%80%d0%b8%d1%8f\/%d0%be%d1%82%d0%bb%d0%b8%d0%b2%d0%b0%d0%bd%d1%82%d1%8b\/attar-azora-edp\/#breadcrumb\"},\"inLanguage\":\"ru-RU\",\"potentialAction\":[{\"@type\":\"ReadAction\",\"target\":[\"https:\/\/parfume.ee\/ru\/\u043c\u0430\u0433\u0430\u0437\u0438\u043d\/%d0%b6%d0%b5%d0%bd%d1%89%d0%b8%d0%bd%d1%8b\/%d0%bf%d0%b0%d1%80%d1%84%d1%8e%d0%bc%d0%b5%d1%80%d0%b8%d1%8f\/%d0%be%d1%82%d0%bb%d0%b8%d0%b2%d0%b0%d0%bd%d1%82%d1%8b\/attar-azora-edp\/\"]}]},{\"@type\":\"ImageObject\",\"inLanguage\":\"ru-RU\",\"@id\":\"https:\/\/parfume.ee\/ru\/\u043c\u0430\u0433\u0430\u0437\u0438\u043d\/%d0%b6%d0%b5%d0%bd%d1%89%d0%b8%d0%bd%d1%8b\/%d0%bf%d0%b0%d1%80%d1%84%d1%8e%d0%bc%d0%b5%d1%80%d0%b8%d1%8f\/%d0%be%d1%82%d0%bb%d0%b8%d0%b2%d0%b0%d0%bd%d1%82%d1%8b\/attar-azora-edp\/#primaryimage\",\"url\":\"https:\/\/i0.wp.com\/parfume.ee\/wp-content\/uploads\/2021\/04\/Attar-Azora-EDP.jpg?fit=845%2C845&ssl=1\",\"contentUrl\":\"https:\/\/i0.wp.com\/parfume.ee\/wp-content\/uploads\/2021\/04\/Attar-Azora-EDP.jpg?fit=845%2C845&ssl=1\",\"width\":845,\"height\":845},{\"@type\":\"BreadcrumbList\",\"@id\":\"https:\/\/parfume.ee\/ru\/\u043c\u0430\u0433\u0430\u0437\u0438\u043d\/%d0%b6%d0%b5%d0%bd%d1%89%d0%b8%d0%bd%d1%8b\/%d0%bf%d0%b0%d1%80%d1%84%d1%8e%d0%bc%d0%b5%d1%80%d0%b8%d1%8f\/%d0%be%d1%82%d0%bb%d0%b8%d0%b2%d0%b0%d0%bd%d1%82%d1%8b\/attar-azora-edp\/#breadcrumb\",\"itemListElement\":[{\"@type\":\"ListItem\",\"position\":1,\"name\":\"Home\",\"item\":\"https:\/\/parfume.ee\/ru\/\"},{\"@type\":\"ListItem\",\"position\":2,\"name\":\"\u041c\u0430\u0433\u0430\u0437\u0438\u043d\",\"item\":\"https:\/\/parfume.ee\/ru\/%d0%bc%d0%b0%d0%b3%d0%b0%d0%b7%d0%b8%d0%bd\/\"},{\"@type\":\"ListItem\",\"position\":3,\"name\":\"ATTAR\",\"item\":\"https:\/\/parfume.ee\/ru\/\u0431\u0440\u0435\u043d\u0434\/attar\/\"},{\"@type\":\"ListItem\",\"position\":4,\"name\":\"Attar Azora EDP\"}]},{\"@type\":\"WebSite\",\"@id\":\"https:\/\/parfume.ee\/#website\",\"url\":\"https:\/\/parfume.ee\/\",\"name\":\"Parfume.ee\",\"description\":\"Just another WordPress sit\",\"publisher\":{\"@id\":\"https:\/\/parfume.ee\/#organization\"},\"potentialAction\":[{\"@type\":\"SearchAction\",\"target\":{\"@type\":\"EntryPoint\",\"urlTemplate\":\"https:\/\/parfume.ee\/?s={search_term_string}\"},\"query-input\":{\"@type\":\"PropertyValueSpecification\",\"valueRequired\":true,\"valueName\":\"search_term_string\"}}],\"inLanguage\":\"ru-RU\"},{\"@type\":\"Organization\",\"@id\":\"https:\/\/parfume.ee\/#organization\",\"name\":\"Parfume.ee - MISTAR O\u00dc\",\"url\":\"https:\/\/parfume.ee\/\",\"logo\":{\"@type\":\"ImageObject\",\"inLanguage\":\"ru-RU\",\"@id\":\"https:\/\/parfume.ee\/#\/schema\/logo\/image\/\",\"url\":\"https:\/\/parfume.ee\/wp-content\/uploads\/2020\/01\/logo-parfume.ee_.svg\",\"contentUrl\":\"https:\/\/parfume.ee\/wp-content\/uploads\/2020\/01\/logo-parfume.ee_.svg\",\"width\":1,\"height\":1,\"caption\":\"Parfume.ee - MISTAR O\u00dc\"},\"image\":{\"@id\":\"https:\/\/parfume.ee\/#\/schema\/logo\/image\/\"},\"sameAs\":[\"https:\/\/www.facebook.com\/vivasbuduaar\",\"https:\/\/www.instagram.com\/vivas_buduaar\/\"]}]}<\/script>\n<meta property=\"product:brand\" content=\"ATTAR\" \/>\n<meta property=\"og:availability\" content=\"instock\" \/>\n<meta property=\"product:availability\" content=\"instock\" \/>\n<meta property=\"product:retailer_item_id\" content=\"Attar-Azora-EDP\" \/>\n<meta property=\"product:condition\" content=\"new\" \/>\n<!-- \/ Yoast SEO Premium plugin. -->","yoast_head_json":{"title":"Attar Azora EDP - Parfume.ee","description":"Azora on luksuslik, rafineeritud valgete lillede segut. Selles ebatavalises l\u00f5hna\u00f5lis kajab igavesti tema armastus ja s\u00fcdamevalu. Magusad valged lilled s\u00fcmboliseerivad ohtu, jasmiinid \u2013 kiindumust, lit\u0161i \u2013 salaarmastust, virsikud \u2013 s\u00fcdame puhtust. Iga koostisosa paljastab l\u00f5putult emotsioone ja t\u00e4hendusi.Azora on luksuslik, rafineeritud valgete lillede segut.  Selles ebatavalises l\u00f5hna\u00f5lis kajab igavesti tema armastus ja s\u00fcdamevalu.  Magusad valged lilled s\u00fcmboliseerivad ohtu, jasmiinid \u2013 kiindumust, lit\u0161i \u2013 salaarmastust, virsikud \u2013 s\u00fcdame puhtust.  Iga koostisosa paljastab l\u00f5putult emotsioone ja t\u00e4hendusi.","robots":{"index":"index","follow":"follow","max-snippet":"max-snippet:-1","max-image-preview":"max-image-preview:large","max-video-preview":"max-video-preview:-1"},"canonical":"https:\/\/parfume.ee\/ru\/\u043c\u0430\u0433\u0430\u0437\u0438\u043d\/\u0436\u0435\u043d\u0449\u0438\u043d\u044b\/\u043f\u0430\u0440\u0444\u044e\u043c\u0435\u0440\u0438\u044f\/\u043e\u0442\u043b\u0438\u0432\u0430\u043d\u0442\u044b\/attar-azora-edp\/","og_locale":"ru_RU","og_type":"article","og_title":"Attar Azora EDP","og_description":"Azora on luksuslik, rafineeritud valgete lillede segut. Selles ebatavalises l\u00f5hna\u00f5lis kajab igavesti tema armastus ja s\u00fcdamevalu. Magusad valged lilled s\u00fcmboliseerivad ohtu, jasmiinid \u2013 kiindumust, lit\u0161i \u2013 salaarmastust, virsikud \u2013 s\u00fcdame puhtust. Iga koostisosa paljastab l\u00f5putult emotsioone ja t\u00e4hendusi.Azora on luksuslik, rafineeritud valgete lillede segut.  Selles ebatavalises l\u00f5hna\u00f5lis kajab igavesti tema armastus ja s\u00fcdamevalu.  Magusad valged lilled s\u00fcmboliseerivad ohtu, jasmiinid \u2013 kiindumust, lit\u0161i \u2013 salaarmastust, virsikud \u2013 s\u00fcdame puhtust.  Iga koostisosa paljastab l\u00f5putult emotsioone ja t\u00e4hendusi.","og_url":"https:\/\/parfume.ee\/ru\/\u043c\u0430\u0433\u0430\u0437\u0438\u043d\/\u0436\u0435\u043d\u0449\u0438\u043d\u044b\/\u043f\u0430\u0440\u0444\u044e\u043c\u0435\u0440\u0438\u044f\/\u043e\u0442\u043b\u0438\u0432\u0430\u043d\u0442\u044b\/attar-azora-edp\/","og_site_name":"Parfume.ee","article_publisher":"https:\/\/www.facebook.com\/vivasbuduaar","article_modified_time":"2024-12-20T00:00:51+00:00","og_image":[{"width":845,"height":845,"url":"https:\/\/parfume.ee\/wp-content\/uploads\/2021\/04\/Attar-Azora-EDP.jpg","type":"image\/jpeg"}],"twitter_card":"summary_large_image","twitter_misc":{"\u0414\u043e\u0441\u0442\u0443\u043f\u043d\u043e\u0441\u0442\u044c":"\u0412 \u043d\u0430\u043b\u0438\u0447\u0438\u0438"},"schema":{"@context":"https:\/\/schema.org","@graph":[{"@type":["WebPage","ItemPage"],"@id":"https:\/\/parfume.ee\/ru\/\u043c\u0430\u0433\u0430\u0437\u0438\u043d\/%d0%b6%d0%b5%d0%bd%d1%89%d0%b8%d0%bd%d1%8b\/%d0%bf%d0%b0%d1%80%d1%84%d1%8e%d0%bc%d0%b5%d1%80%d0%b8%d1%8f\/%d0%be%d1%82%d0%bb%d0%b8%d0%b2%d0%b0%d0%bd%d1%82%d1%8b\/attar-azora-edp\/","url":"https:\/\/parfume.ee\/ru\/\u043c\u0430\u0433\u0430\u0437\u0438\u043d\/%d0%b6%d0%b5%d0%bd%d1%89%d0%b8%d0%bd%d1%8b\/%d0%bf%d0%b0%d1%80%d1%84%d1%8e%d0%bc%d0%b5%d1%80%d0%b8%d1%8f\/%d0%be%d1%82%d0%bb%d0%b8%d0%b2%d0%b0%d0%bd%d1%82%d1%8b\/attar-azora-edp\/","name":"Attar Azora EDP - Parfume.ee","isPartOf":{"@id":"https:\/\/parfume.ee\/#website"},"primaryImageOfPage":{"@id":"https:\/\/parfume.ee\/ru\/\u043c\u0430\u0433\u0430\u0437\u0438\u043d\/%d0%b6%d0%b5%d0%bd%d1%89%d0%b8%d0%bd%d1%8b\/%d0%bf%d0%b0%d1%80%d1%84%d1%8e%d0%bc%d0%b5%d1%80%d0%b8%d1%8f\/%d0%be%d1%82%d0%bb%d0%b8%d0%b2%d0%b0%d0%bd%d1%82%d1%8b\/attar-azora-edp\/#primaryimage"},"image":{"@id":"https:\/\/parfume.ee\/ru\/\u043c\u0430\u0433\u0430\u0437\u0438\u043d\/%d0%b6%d0%b5%d0%bd%d1%89%d0%b8%d0%bd%d1%8b\/%d0%bf%d0%b0%d1%80%d1%84%d1%8e%d0%bc%d0%b5%d1%80%d0%b8%d1%8f\/%d0%be%d1%82%d0%bb%d0%b8%d0%b2%d0%b0%d0%bd%d1%82%d1%8b\/attar-azora-edp\/#primaryimage"},"thumbnailUrl":"https:\/\/i0.wp.com\/parfume.ee\/wp-content\/uploads\/2021\/04\/Attar-Azora-EDP.jpg?fit=845%2C845&ssl=1","datePublished":"2021-04-27T16:18:54+00:00","dateModified":"2024-12-20T00:00:51+00:00","description":"Azora on luksuslik, rafineeritud valgete lillede segut. Selles ebatavalises l\u00f5hna\u00f5lis kajab igavesti tema armastus ja s\u00fcdamevalu. Magusad valged lilled s\u00fcmboliseerivad ohtu, jasmiinid \u2013 kiindumust, lit\u0161i \u2013 salaarmastust, virsikud \u2013 s\u00fcdame puhtust. Iga koostisosa paljastab l\u00f5putult emotsioone ja t\u00e4hendusi.Azora on luksuslik, rafineeritud valgete lillede segut. Selles ebatavalises l\u00f5hna\u00f5lis kajab igavesti tema armastus ja s\u00fcdamevalu. Magusad valged lilled s\u00fcmboliseerivad ohtu, jasmiinid \u2013 kiindumust, lit\u0161i \u2013 salaarmastust, virsikud \u2013 s\u00fcdame puhtust. Iga koostisosa paljastab l\u00f5putult emotsioone ja t\u00e4hendusi.","breadcrumb":{"@id":"https:\/\/parfume.ee\/ru\/\u043c\u0430\u0433\u0430\u0437\u0438\u043d\/%d0%b6%d0%b5%d0%bd%d1%89%d0%b8%d0%bd%d1%8b\/%d0%bf%d0%b0%d1%80%d1%84%d1%8e%d0%bc%d0%b5%d1%80%d0%b8%d1%8f\/%d0%be%d1%82%d0%bb%d0%b8%d0%b2%d0%b0%d0%bd%d1%82%d1%8b\/attar-azora-edp\/#breadcrumb"},"inLanguage":"ru-RU","potentialAction":[{"@type":"ReadAction","target":["https:\/\/parfume.ee\/ru\/\u043c\u0430\u0433\u0430\u0437\u0438\u043d\/%d0%b6%d0%b5%d0%bd%d1%89%d0%b8%d0%bd%d1%8b\/%d0%bf%d0%b0%d1%80%d1%84%d1%8e%d0%bc%d0%b5%d1%80%d0%b8%d1%8f\/%d0%be%d1%82%d0%bb%d0%b8%d0%b2%d0%b0%d0%bd%d1%82%d1%8b\/attar-azora-edp\/"]}]},{"@type":"ImageObject","inLanguage":"ru-RU","@id":"https:\/\/parfume.ee\/ru\/\u043c\u0430\u0433\u0430\u0437\u0438\u043d\/%d0%b6%d0%b5%d0%bd%d1%89%d0%b8%d0%bd%d1%8b\/%d0%bf%d0%b0%d1%80%d1%84%d1%8e%d0%bc%d0%b5%d1%80%d0%b8%d1%8f\/%d0%be%d1%82%d0%bb%d0%b8%d0%b2%d0%b0%d0%bd%d1%82%d1%8b\/attar-azora-edp\/#primaryimage","url":"https:\/\/i0.wp.com\/parfume.ee\/wp-content\/uploads\/2021\/04\/Attar-Azora-EDP.jpg?fit=845%2C845&ssl=1","contentUrl":"https:\/\/i0.wp.com\/parfume.ee\/wp-content\/uploads\/2021\/04\/Attar-Azora-EDP.jpg?fit=845%2C845&ssl=1","width":845,"height":845},{"@type":"BreadcrumbList","@id":"https:\/\/parfume.ee\/ru\/\u043c\u0430\u0433\u0430\u0437\u0438\u043d\/%d0%b6%d0%b5%d0%bd%d1%89%d0%b8%d0%bd%d1%8b\/%d0%bf%d0%b0%d1%80%d1%84%d1%8e%d0%bc%d0%b5%d1%80%d0%b8%d1%8f\/%d0%be%d1%82%d0%bb%d0%b8%d0%b2%d0%b0%d0%bd%d1%82%d1%8b\/attar-azora-edp\/#breadcrumb","itemListElement":[{"@type":"ListItem","position":1,"name":"Home","item":"https:\/\/parfume.ee\/ru\/"},{"@type":"ListItem","position":2,"name":"\u041c\u0430\u0433\u0430\u0437\u0438\u043d","item":"https:\/\/parfume.ee\/ru\/%d0%bc%d0%b0%d0%b3%d0%b0%d0%b7%d0%b8%d0%bd\/"},{"@type":"ListItem","position":3,"name":"ATTAR","item":"https:\/\/parfume.ee\/ru\/\u0431\u0440\u0435\u043d\u0434\/attar\/"},{"@type":"ListItem","position":4,"name":"Attar Azora EDP"}]},{"@type":"WebSite","@id":"https:\/\/parfume.ee\/#website","url":"https:\/\/parfume.ee\/","name":"Parfume.ee","description":"Just another WordPress sit","publisher":{"@id":"https:\/\/parfume.ee\/#organization"},"potentialAction":[{"@type":"SearchAction","target":{"@type":"EntryPoint","urlTemplate":"https:\/\/parfume.ee\/?s={search_term_string}"},"query-input":{"@type":"PropertyValueSpecification","valueRequired":true,"valueName":"search_term_string"}}],"inLanguage":"ru-RU"},{"@type":"Organization","@id":"https:\/\/parfume.ee\/#organization","name":"Parfume.ee - MISTAR O\u00dc","url":"https:\/\/parfume.ee\/","logo":{"@type":"ImageObject","inLanguage":"ru-RU","@id":"https:\/\/parfume.ee\/#\/schema\/logo\/image\/","url":"https:\/\/parfume.ee\/wp-content\/uploads\/2020\/01\/logo-parfume.ee_.svg","contentUrl":"https:\/\/parfume.ee\/wp-content\/uploads\/2020\/01\/logo-parfume.ee_.svg","width":1,"height":1,"caption":"Parfume.ee - MISTAR O\u00dc"},"image":{"@id":"https:\/\/parfume.ee\/#\/schema\/logo\/image\/"},"sameAs":["https:\/\/www.facebook.com\/vivasbuduaar","https:\/\/www.instagram.com\/vivas_buduaar\/"]}]},"product_brand":"ATTAR","og_availability":"instock","product_availability":"instock","product_retailer_item_id":"Attar-Azora-EDP","product_condition":"new"},"jetpack_sharing_enabled":true,"brands":[{"id":1881,"name":"ATTAR","slug":"attar"}],"_links":{"self":[{"href":"https:\/\/parfume.ee\/ru\/wp-json\/wp\/v2\/product\/19072","targetHints":{"allow":["GET"]}}],"collection":[{"href":"https:\/\/parfume.ee\/ru\/wp-json\/wp\/v2\/product"}],"about":[{"href":"https:\/\/parfume.ee\/ru\/wp-json\/wp\/v2\/types\/product"}],"wp:featuredmedia":[{"embeddable":true,"href":"https:\/\/parfume.ee\/ru\/wp-json\/wp\/v2\/media\/19071"}],"wp:attachment":[{"href":"https:\/\/parfume.ee\/ru\/wp-json\/wp\/v2\/media?parent=19072"}],"wp:term":[{"taxonomy":"pwb-brand","embeddable":true,"href":"https:\/\/parfume.ee\/ru\/wp-json\/wp\/v2\/pwb-brand?post=19072"},{"taxonomy":"product_brand","embeddable":true,"href":"https:\/\/parfume.ee\/ru\/wp-json\/wp\/v2\/product_brand?post=19072"},{"taxonomy":"product_cat","embeddable":true,"href":"https:\/\/parfume.ee\/ru\/wp-json\/wp\/v2\/product_cat?post=19072"},{"taxonomy":"product_tag","embeddable":true,"href":"https:\/\/parfume.ee\/ru\/wp-json\/wp\/v2\/product_tag?post=19072"}],"curies":[{"name":"wp","href":"https:\/\/api.w.org\/{rel}","templated":true}]}}