{"id":29235,"date":"2022-07-28T10:42:53","date_gmt":"2022-07-28T10:42:53","guid":{"rendered":"https:\/\/parfume.ee\/pood\/uncategorized\/giorgio-armani-my-way-floral-edp\/"},"modified":"2025-03-08T16:42:56","modified_gmt":"2025-03-08T16:42:56","slug":"giorgio-armani-my-way-floral-edp","status":"publish","type":"product","link":"https:\/\/parfume.ee\/ru\/\u043c\u0430\u0433\u0430\u0437\u0438\u043d\/%d0%b6%d0%b5%d0%bd%d1%89%d0%b8%d0%bd%d1%8b\/%d0%bf%d0%b0%d1%80%d1%84%d1%8e%d0%bc%d0%b5%d1%80%d0%b8%d1%8f\/%d0%be%d1%82%d0%bb%d0%b8%d0%b2%d0%b0%d0%bd%d1%82%d1%8b\/giorgio-armani-my-way-floral-edp\/","title":{"rendered":"Giorgio Armani My Way Floral EDP"},"content":{"rendered":"","protected":false},"excerpt":{"rendered":"<p>My Way Floral on kutse eneseavastusteekonnale, mis k\u00e4tkeb endas esmakohtumise elujaatavat tunnet ja v\u00e4rskendavat elevust, t\u00e4nu millele puhkeb selle kandja \u00f5ide.<\/p>\n<p>Uus v\u00e4rske, s\u00e4rav ja \u00f5itsev bukett, mida t\u00e4iendavad erksad tsitrused, uues mattklaasist pudelis, mis looritab sisu, lastes l\u00e4bi kumada parf\u00fc\u00fcmvee \u00f5rnalt roosal toonil.<\/p>\n<p>L\u00f5hn avaneb rohelise mandariini pikantsete nootide ja apelsini\u00f5ie anfleraa\u017ei erksusega pomerantsi\u00f5lis.<\/p>\n<p>S\u00fcdames t\u00e4iendab kehalist mugul-s\u00e4ra\u00f5it rikkalik ja elegantne neroli\u00f5li.<\/p>\n<p>P\u00f5hjanootides paljastab Bourboni vanilli ekstrakt v\u00f5imsa olemuse, mida v\u00f5imendavad veelgi valged muskused.<\/p>\n","protected":false},"featured_media":29234,"template":"","meta":{"inline_featured_image":false},"pwb-brand":[1921],"product_brand":[],"product_cat":[2522],"product_tag":[],"class_list":{"0":"post-29235","1":"product","2":"type-product","3":"status-publish","4":"has-post-thumbnail","6":"pwb-brand-giorgio-armani","7":"product_cat-2522","8":"pa_maht-2-","9":"pa_maht-5ml-ru","10":"notes-1508","11":"notes-1517","12":"notes-1385","13":"notes-1433","14":"notes-1011","15":"notes-1395","16":"notes---ru","18":"first","19":"instock","20":"shipping-taxable","21":"purchasable","22":"product-type-variable"},"yoast_head":"<!-- This site is optimized with the Yoast SEO Premium plugin v20.13 (Yoast SEO v27.1.1) - https:\/\/yoast.com\/product\/yoast-seo-premium-wordpress\/ -->\n<title>Giorgio Armani My Way Floral EDP - Parfume.ee<\/title>\n<meta name=\"description\" content=\"My Way Floral on kutse eneseavastusteekonnale, mis k\u00e4tkeb endas esmakohtumise elujaatavat tunnet ja v\u00e4rskendavat elevust, t\u00e4nu millele puhkeb selle kandja \u00f5ide.  Uus v\u00e4rske, s\u00e4rav ja \u00f5itsev bukett, mida t\u00e4iendavad erksad tsitrused, uues mattklaasist pudelis, mis looritab sisu, lastes l\u00e4bi kumada parf\u00fc\u00fcmvee \u00f5rnalt roosal toonil.  L\u00f5hn avaneb rohelise mandariini pikantsete nootide ja apelsini\u00f5ie anfleraa\u017ei erksusega pomerantsi\u00f5lis.  S\u00fcdames t\u00e4iendab kehalist mugul-s\u00e4ra\u00f5it rikkalik ja elegantne neroli\u00f5li.  P\u00f5hjanootides paljastab Bourboni vanilli ekstrakt v\u00f5imsa olemuse, mida v\u00f5imendavad veelgi valged muskused.\" \/>\n<meta name=\"robots\" content=\"index, follow, max-snippet:-1, max-image-preview:large, max-video-preview:-1\" \/>\n<link rel=\"canonical\" href=\"https:\/\/parfume.ee\/ru\/\u043c\u0430\u0433\u0430\u0437\u0438\u043d\/\u0436\u0435\u043d\u0449\u0438\u043d\u044b\/\u043f\u0430\u0440\u0444\u044e\u043c\u0435\u0440\u0438\u044f\/\u043e\u0442\u043b\u0438\u0432\u0430\u043d\u0442\u044b\/giorgio-armani-my-way-floral-edp\/\" \/>\n<meta property=\"og:locale\" content=\"ru_RU\" \/>\n<meta property=\"og:type\" content=\"article\" \/>\n<meta property=\"og:title\" content=\"Giorgio Armani My Way Floral EDP\" \/>\n<meta property=\"og:description\" content=\"My Way Floral on kutse eneseavastusteekonnale, mis k\u00e4tkeb endas esmakohtumise elujaatavat tunnet ja v\u00e4rskendavat elevust, t\u00e4nu millele puhkeb selle kandja \u00f5ide.  Uus v\u00e4rske, s\u00e4rav ja \u00f5itsev bukett, mida t\u00e4iendavad erksad tsitrused, uues mattklaasist pudelis, mis looritab sisu, lastes l\u00e4bi kumada parf\u00fc\u00fcmvee \u00f5rnalt roosal toonil.  L\u00f5hn avaneb rohelise mandariini pikantsete nootide ja apelsini\u00f5ie anfleraa\u017ei erksusega pomerantsi\u00f5lis.  S\u00fcdames t\u00e4iendab kehalist mugul-s\u00e4ra\u00f5it rikkalik ja elegantne neroli\u00f5li.  P\u00f5hjanootides paljastab Bourboni vanilli ekstrakt v\u00f5imsa olemuse, mida v\u00f5imendavad veelgi valged muskused.\" \/>\n<meta property=\"og:url\" content=\"https:\/\/parfume.ee\/ru\/\u043c\u0430\u0433\u0430\u0437\u0438\u043d\/\u0436\u0435\u043d\u0449\u0438\u043d\u044b\/\u043f\u0430\u0440\u0444\u044e\u043c\u0435\u0440\u0438\u044f\/\u043e\u0442\u043b\u0438\u0432\u0430\u043d\u0442\u044b\/giorgio-armani-my-way-floral-edp\/\" \/>\n<meta property=\"og:site_name\" content=\"Parfume.ee\" \/>\n<meta property=\"article:publisher\" content=\"https:\/\/www.facebook.com\/vivasbuduaar\" \/>\n<meta property=\"article:modified_time\" content=\"2025-03-08T16:42:56+00:00\" \/>\n<meta property=\"og:image\" content=\"https:\/\/parfume.ee\/wp-content\/uploads\/2022\/07\/Giorgio-Armani-My-Way-Floral-EDP.jpg\" \/>\n\t<meta property=\"og:image:width\" content=\"800\" \/>\n\t<meta property=\"og:image:height\" content=\"800\" \/>\n\t<meta property=\"og:image:type\" content=\"image\/jpeg\" \/>\n<meta name=\"twitter:card\" content=\"summary_large_image\" \/>\n<meta name=\"twitter:label1\" content=\"\u0414\u043e\u0441\u0442\u0443\u043f\u043d\u043e\u0441\u0442\u044c\" \/>\n\t<meta name=\"twitter:data1\" content=\"\u0412 \u043d\u0430\u043b\u0438\u0447\u0438\u0438\" \/>\n<script type=\"application\/ld+json\" class=\"yoast-schema-graph\">{\"@context\":\"https:\/\/schema.org\",\"@graph\":[{\"@type\":[\"WebPage\",\"ItemPage\"],\"@id\":\"https:\/\/parfume.ee\/ru\/\u043c\u0430\u0433\u0430\u0437\u0438\u043d\/%d0%b6%d0%b5%d0%bd%d1%89%d0%b8%d0%bd%d1%8b\/%d0%bf%d0%b0%d1%80%d1%84%d1%8e%d0%bc%d0%b5%d1%80%d0%b8%d1%8f\/%d0%be%d1%82%d0%bb%d0%b8%d0%b2%d0%b0%d0%bd%d1%82%d1%8b\/giorgio-armani-my-way-floral-edp\/\",\"url\":\"https:\/\/parfume.ee\/ru\/\u043c\u0430\u0433\u0430\u0437\u0438\u043d\/%d0%b6%d0%b5%d0%bd%d1%89%d0%b8%d0%bd%d1%8b\/%d0%bf%d0%b0%d1%80%d1%84%d1%8e%d0%bc%d0%b5%d1%80%d0%b8%d1%8f\/%d0%be%d1%82%d0%bb%d0%b8%d0%b2%d0%b0%d0%bd%d1%82%d1%8b\/giorgio-armani-my-way-floral-edp\/\",\"name\":\"Giorgio Armani My Way Floral EDP - Parfume.ee\",\"isPartOf\":{\"@id\":\"https:\/\/parfume.ee\/#website\"},\"primaryImageOfPage\":{\"@id\":\"https:\/\/parfume.ee\/ru\/\u043c\u0430\u0433\u0430\u0437\u0438\u043d\/%d0%b6%d0%b5%d0%bd%d1%89%d0%b8%d0%bd%d1%8b\/%d0%bf%d0%b0%d1%80%d1%84%d1%8e%d0%bc%d0%b5%d1%80%d0%b8%d1%8f\/%d0%be%d1%82%d0%bb%d0%b8%d0%b2%d0%b0%d0%bd%d1%82%d1%8b\/giorgio-armani-my-way-floral-edp\/#primaryimage\"},\"image\":{\"@id\":\"https:\/\/parfume.ee\/ru\/\u043c\u0430\u0433\u0430\u0437\u0438\u043d\/%d0%b6%d0%b5%d0%bd%d1%89%d0%b8%d0%bd%d1%8b\/%d0%bf%d0%b0%d1%80%d1%84%d1%8e%d0%bc%d0%b5%d1%80%d0%b8%d1%8f\/%d0%be%d1%82%d0%bb%d0%b8%d0%b2%d0%b0%d0%bd%d1%82%d1%8b\/giorgio-armani-my-way-floral-edp\/#primaryimage\"},\"thumbnailUrl\":\"https:\/\/i0.wp.com\/parfume.ee\/wp-content\/uploads\/2022\/07\/Giorgio-Armani-My-Way-Floral-EDP.jpg?fit=800%2C800&ssl=1\",\"datePublished\":\"2022-07-28T10:42:53+00:00\",\"dateModified\":\"2025-03-08T16:42:56+00:00\",\"description\":\"My Way Floral on kutse eneseavastusteekonnale, mis k\u00e4tkeb endas esmakohtumise elujaatavat tunnet ja v\u00e4rskendavat elevust, t\u00e4nu millele puhkeb selle kandja \u00f5ide. Uus v\u00e4rske, s\u00e4rav ja \u00f5itsev bukett, mida t\u00e4iendavad erksad tsitrused, uues mattklaasist pudelis, mis looritab sisu, lastes l\u00e4bi kumada parf\u00fc\u00fcmvee \u00f5rnalt roosal toonil. L\u00f5hn avaneb rohelise mandariini pikantsete nootide ja apelsini\u00f5ie anfleraa\u017ei erksusega pomerantsi\u00f5lis. S\u00fcdames t\u00e4iendab kehalist mugul-s\u00e4ra\u00f5it rikkalik ja elegantne neroli\u00f5li. P\u00f5hjanootides paljastab Bourboni vanilli ekstrakt v\u00f5imsa olemuse, mida v\u00f5imendavad veelgi valged muskused.\",\"breadcrumb\":{\"@id\":\"https:\/\/parfume.ee\/ru\/\u043c\u0430\u0433\u0430\u0437\u0438\u043d\/%d0%b6%d0%b5%d0%bd%d1%89%d0%b8%d0%bd%d1%8b\/%d0%bf%d0%b0%d1%80%d1%84%d1%8e%d0%bc%d0%b5%d1%80%d0%b8%d1%8f\/%d0%be%d1%82%d0%bb%d0%b8%d0%b2%d0%b0%d0%bd%d1%82%d1%8b\/giorgio-armani-my-way-floral-edp\/#breadcrumb\"},\"inLanguage\":\"ru-RU\",\"potentialAction\":[{\"@type\":\"ReadAction\",\"target\":[\"https:\/\/parfume.ee\/ru\/\u043c\u0430\u0433\u0430\u0437\u0438\u043d\/%d0%b6%d0%b5%d0%bd%d1%89%d0%b8%d0%bd%d1%8b\/%d0%bf%d0%b0%d1%80%d1%84%d1%8e%d0%bc%d0%b5%d1%80%d0%b8%d1%8f\/%d0%be%d1%82%d0%bb%d0%b8%d0%b2%d0%b0%d0%bd%d1%82%d1%8b\/giorgio-armani-my-way-floral-edp\/\"]}]},{\"@type\":\"ImageObject\",\"inLanguage\":\"ru-RU\",\"@id\":\"https:\/\/parfume.ee\/ru\/\u043c\u0430\u0433\u0430\u0437\u0438\u043d\/%d0%b6%d0%b5%d0%bd%d1%89%d0%b8%d0%bd%d1%8b\/%d0%bf%d0%b0%d1%80%d1%84%d1%8e%d0%bc%d0%b5%d1%80%d0%b8%d1%8f\/%d0%be%d1%82%d0%bb%d0%b8%d0%b2%d0%b0%d0%bd%d1%82%d1%8b\/giorgio-armani-my-way-floral-edp\/#primaryimage\",\"url\":\"https:\/\/i0.wp.com\/parfume.ee\/wp-content\/uploads\/2022\/07\/Giorgio-Armani-My-Way-Floral-EDP.jpg?fit=800%2C800&ssl=1\",\"contentUrl\":\"https:\/\/i0.wp.com\/parfume.ee\/wp-content\/uploads\/2022\/07\/Giorgio-Armani-My-Way-Floral-EDP.jpg?fit=800%2C800&ssl=1\",\"width\":800,\"height\":800},{\"@type\":\"BreadcrumbList\",\"@id\":\"https:\/\/parfume.ee\/ru\/\u043c\u0430\u0433\u0430\u0437\u0438\u043d\/%d0%b6%d0%b5%d0%bd%d1%89%d0%b8%d0%bd%d1%8b\/%d0%bf%d0%b0%d1%80%d1%84%d1%8e%d0%bc%d0%b5%d1%80%d0%b8%d1%8f\/%d0%be%d1%82%d0%bb%d0%b8%d0%b2%d0%b0%d0%bd%d1%82%d1%8b\/giorgio-armani-my-way-floral-edp\/#breadcrumb\",\"itemListElement\":[{\"@type\":\"ListItem\",\"position\":1,\"name\":\"Home\",\"item\":\"https:\/\/parfume.ee\/ru\/\"},{\"@type\":\"ListItem\",\"position\":2,\"name\":\"\u041c\u0430\u0433\u0430\u0437\u0438\u043d\",\"item\":\"https:\/\/parfume.ee\/ru\/%d0%bc%d0%b0%d0%b3%d0%b0%d0%b7%d0%b8%d0%bd\/\"},{\"@type\":\"ListItem\",\"position\":3,\"name\":\"GIORGIO ARMANI\",\"item\":\"https:\/\/parfume.ee\/ru\/\u0431\u0440\u0435\u043d\u0434\/giorgio-armani\/\"},{\"@type\":\"ListItem\",\"position\":4,\"name\":\"Giorgio Armani My Way Floral EDP\"}]},{\"@type\":\"WebSite\",\"@id\":\"https:\/\/parfume.ee\/#website\",\"url\":\"https:\/\/parfume.ee\/\",\"name\":\"Parfume.ee\",\"description\":\"Just another WordPress sit\",\"publisher\":{\"@id\":\"https:\/\/parfume.ee\/#organization\"},\"potentialAction\":[{\"@type\":\"SearchAction\",\"target\":{\"@type\":\"EntryPoint\",\"urlTemplate\":\"https:\/\/parfume.ee\/?s={search_term_string}\"},\"query-input\":{\"@type\":\"PropertyValueSpecification\",\"valueRequired\":true,\"valueName\":\"search_term_string\"}}],\"inLanguage\":\"ru-RU\"},{\"@type\":\"Organization\",\"@id\":\"https:\/\/parfume.ee\/#organization\",\"name\":\"Parfume.ee - MISTAR O\u00dc\",\"url\":\"https:\/\/parfume.ee\/\",\"logo\":{\"@type\":\"ImageObject\",\"inLanguage\":\"ru-RU\",\"@id\":\"https:\/\/parfume.ee\/#\/schema\/logo\/image\/\",\"url\":\"https:\/\/parfume.ee\/wp-content\/uploads\/2020\/01\/logo-parfume.ee_.svg\",\"contentUrl\":\"https:\/\/parfume.ee\/wp-content\/uploads\/2020\/01\/logo-parfume.ee_.svg\",\"width\":1,\"height\":1,\"caption\":\"Parfume.ee - MISTAR O\u00dc\"},\"image\":{\"@id\":\"https:\/\/parfume.ee\/#\/schema\/logo\/image\/\"},\"sameAs\":[\"https:\/\/www.facebook.com\/vivasbuduaar\",\"https:\/\/www.instagram.com\/vivas_buduaar\/\"]}]}<\/script>\n<meta property=\"product:brand\" content=\"GIORGIO ARMANI\" \/>\n<meta property=\"og:availability\" content=\"instock\" \/>\n<meta property=\"product:availability\" content=\"instock\" \/>\n<meta property=\"product:retailer_item_id\" content=\"Giorgio-Armani-My-Way-Floral-EDP\" \/>\n<meta property=\"product:condition\" content=\"new\" \/>\n<!-- \/ Yoast SEO Premium plugin. -->","yoast_head_json":{"title":"Giorgio Armani My Way Floral EDP - Parfume.ee","description":"My Way Floral on kutse eneseavastusteekonnale, mis k\u00e4tkeb endas esmakohtumise elujaatavat tunnet ja v\u00e4rskendavat elevust, t\u00e4nu millele puhkeb selle kandja \u00f5ide.  Uus v\u00e4rske, s\u00e4rav ja \u00f5itsev bukett, mida t\u00e4iendavad erksad tsitrused, uues mattklaasist pudelis, mis looritab sisu, lastes l\u00e4bi kumada parf\u00fc\u00fcmvee \u00f5rnalt roosal toonil.  L\u00f5hn avaneb rohelise mandariini pikantsete nootide ja apelsini\u00f5ie anfleraa\u017ei erksusega pomerantsi\u00f5lis.  S\u00fcdames t\u00e4iendab kehalist mugul-s\u00e4ra\u00f5it rikkalik ja elegantne neroli\u00f5li.  P\u00f5hjanootides paljastab Bourboni vanilli ekstrakt v\u00f5imsa olemuse, mida v\u00f5imendavad veelgi valged muskused.","robots":{"index":"index","follow":"follow","max-snippet":"max-snippet:-1","max-image-preview":"max-image-preview:large","max-video-preview":"max-video-preview:-1"},"canonical":"https:\/\/parfume.ee\/ru\/\u043c\u0430\u0433\u0430\u0437\u0438\u043d\/\u0436\u0435\u043d\u0449\u0438\u043d\u044b\/\u043f\u0430\u0440\u0444\u044e\u043c\u0435\u0440\u0438\u044f\/\u043e\u0442\u043b\u0438\u0432\u0430\u043d\u0442\u044b\/giorgio-armani-my-way-floral-edp\/","og_locale":"ru_RU","og_type":"article","og_title":"Giorgio Armani My Way Floral EDP","og_description":"My Way Floral on kutse eneseavastusteekonnale, mis k\u00e4tkeb endas esmakohtumise elujaatavat tunnet ja v\u00e4rskendavat elevust, t\u00e4nu millele puhkeb selle kandja \u00f5ide.  Uus v\u00e4rske, s\u00e4rav ja \u00f5itsev bukett, mida t\u00e4iendavad erksad tsitrused, uues mattklaasist pudelis, mis looritab sisu, lastes l\u00e4bi kumada parf\u00fc\u00fcmvee \u00f5rnalt roosal toonil.  L\u00f5hn avaneb rohelise mandariini pikantsete nootide ja apelsini\u00f5ie anfleraa\u017ei erksusega pomerantsi\u00f5lis.  S\u00fcdames t\u00e4iendab kehalist mugul-s\u00e4ra\u00f5it rikkalik ja elegantne neroli\u00f5li.  P\u00f5hjanootides paljastab Bourboni vanilli ekstrakt v\u00f5imsa olemuse, mida v\u00f5imendavad veelgi valged muskused.","og_url":"https:\/\/parfume.ee\/ru\/\u043c\u0430\u0433\u0430\u0437\u0438\u043d\/\u0436\u0435\u043d\u0449\u0438\u043d\u044b\/\u043f\u0430\u0440\u0444\u044e\u043c\u0435\u0440\u0438\u044f\/\u043e\u0442\u043b\u0438\u0432\u0430\u043d\u0442\u044b\/giorgio-armani-my-way-floral-edp\/","og_site_name":"Parfume.ee","article_publisher":"https:\/\/www.facebook.com\/vivasbuduaar","article_modified_time":"2025-03-08T16:42:56+00:00","og_image":[{"width":800,"height":800,"url":"https:\/\/parfume.ee\/wp-content\/uploads\/2022\/07\/Giorgio-Armani-My-Way-Floral-EDP.jpg","type":"image\/jpeg"}],"twitter_card":"summary_large_image","twitter_misc":{"\u0414\u043e\u0441\u0442\u0443\u043f\u043d\u043e\u0441\u0442\u044c":"\u0412 \u043d\u0430\u043b\u0438\u0447\u0438\u0438"},"schema":{"@context":"https:\/\/schema.org","@graph":[{"@type":["WebPage","ItemPage"],"@id":"https:\/\/parfume.ee\/ru\/\u043c\u0430\u0433\u0430\u0437\u0438\u043d\/%d0%b6%d0%b5%d0%bd%d1%89%d0%b8%d0%bd%d1%8b\/%d0%bf%d0%b0%d1%80%d1%84%d1%8e%d0%bc%d0%b5%d1%80%d0%b8%d1%8f\/%d0%be%d1%82%d0%bb%d0%b8%d0%b2%d0%b0%d0%bd%d1%82%d1%8b\/giorgio-armani-my-way-floral-edp\/","url":"https:\/\/parfume.ee\/ru\/\u043c\u0430\u0433\u0430\u0437\u0438\u043d\/%d0%b6%d0%b5%d0%bd%d1%89%d0%b8%d0%bd%d1%8b\/%d0%bf%d0%b0%d1%80%d1%84%d1%8e%d0%bc%d0%b5%d1%80%d0%b8%d1%8f\/%d0%be%d1%82%d0%bb%d0%b8%d0%b2%d0%b0%d0%bd%d1%82%d1%8b\/giorgio-armani-my-way-floral-edp\/","name":"Giorgio Armani My Way Floral EDP - Parfume.ee","isPartOf":{"@id":"https:\/\/parfume.ee\/#website"},"primaryImageOfPage":{"@id":"https:\/\/parfume.ee\/ru\/\u043c\u0430\u0433\u0430\u0437\u0438\u043d\/%d0%b6%d0%b5%d0%bd%d1%89%d0%b8%d0%bd%d1%8b\/%d0%bf%d0%b0%d1%80%d1%84%d1%8e%d0%bc%d0%b5%d1%80%d0%b8%d1%8f\/%d0%be%d1%82%d0%bb%d0%b8%d0%b2%d0%b0%d0%bd%d1%82%d1%8b\/giorgio-armani-my-way-floral-edp\/#primaryimage"},"image":{"@id":"https:\/\/parfume.ee\/ru\/\u043c\u0430\u0433\u0430\u0437\u0438\u043d\/%d0%b6%d0%b5%d0%bd%d1%89%d0%b8%d0%bd%d1%8b\/%d0%bf%d0%b0%d1%80%d1%84%d1%8e%d0%bc%d0%b5%d1%80%d0%b8%d1%8f\/%d0%be%d1%82%d0%bb%d0%b8%d0%b2%d0%b0%d0%bd%d1%82%d1%8b\/giorgio-armani-my-way-floral-edp\/#primaryimage"},"thumbnailUrl":"https:\/\/i0.wp.com\/parfume.ee\/wp-content\/uploads\/2022\/07\/Giorgio-Armani-My-Way-Floral-EDP.jpg?fit=800%2C800&ssl=1","datePublished":"2022-07-28T10:42:53+00:00","dateModified":"2025-03-08T16:42:56+00:00","description":"My Way Floral on kutse eneseavastusteekonnale, mis k\u00e4tkeb endas esmakohtumise elujaatavat tunnet ja v\u00e4rskendavat elevust, t\u00e4nu millele puhkeb selle kandja \u00f5ide. Uus v\u00e4rske, s\u00e4rav ja \u00f5itsev bukett, mida t\u00e4iendavad erksad tsitrused, uues mattklaasist pudelis, mis looritab sisu, lastes l\u00e4bi kumada parf\u00fc\u00fcmvee \u00f5rnalt roosal toonil. L\u00f5hn avaneb rohelise mandariini pikantsete nootide ja apelsini\u00f5ie anfleraa\u017ei erksusega pomerantsi\u00f5lis. S\u00fcdames t\u00e4iendab kehalist mugul-s\u00e4ra\u00f5it rikkalik ja elegantne neroli\u00f5li. P\u00f5hjanootides paljastab Bourboni vanilli ekstrakt v\u00f5imsa olemuse, mida v\u00f5imendavad veelgi valged muskused.","breadcrumb":{"@id":"https:\/\/parfume.ee\/ru\/\u043c\u0430\u0433\u0430\u0437\u0438\u043d\/%d0%b6%d0%b5%d0%bd%d1%89%d0%b8%d0%bd%d1%8b\/%d0%bf%d0%b0%d1%80%d1%84%d1%8e%d0%bc%d0%b5%d1%80%d0%b8%d1%8f\/%d0%be%d1%82%d0%bb%d0%b8%d0%b2%d0%b0%d0%bd%d1%82%d1%8b\/giorgio-armani-my-way-floral-edp\/#breadcrumb"},"inLanguage":"ru-RU","potentialAction":[{"@type":"ReadAction","target":["https:\/\/parfume.ee\/ru\/\u043c\u0430\u0433\u0430\u0437\u0438\u043d\/%d0%b6%d0%b5%d0%bd%d1%89%d0%b8%d0%bd%d1%8b\/%d0%bf%d0%b0%d1%80%d1%84%d1%8e%d0%bc%d0%b5%d1%80%d0%b8%d1%8f\/%d0%be%d1%82%d0%bb%d0%b8%d0%b2%d0%b0%d0%bd%d1%82%d1%8b\/giorgio-armani-my-way-floral-edp\/"]}]},{"@type":"ImageObject","inLanguage":"ru-RU","@id":"https:\/\/parfume.ee\/ru\/\u043c\u0430\u0433\u0430\u0437\u0438\u043d\/%d0%b6%d0%b5%d0%bd%d1%89%d0%b8%d0%bd%d1%8b\/%d0%bf%d0%b0%d1%80%d1%84%d1%8e%d0%bc%d0%b5%d1%80%d0%b8%d1%8f\/%d0%be%d1%82%d0%bb%d0%b8%d0%b2%d0%b0%d0%bd%d1%82%d1%8b\/giorgio-armani-my-way-floral-edp\/#primaryimage","url":"https:\/\/i0.wp.com\/parfume.ee\/wp-content\/uploads\/2022\/07\/Giorgio-Armani-My-Way-Floral-EDP.jpg?fit=800%2C800&ssl=1","contentUrl":"https:\/\/i0.wp.com\/parfume.ee\/wp-content\/uploads\/2022\/07\/Giorgio-Armani-My-Way-Floral-EDP.jpg?fit=800%2C800&ssl=1","width":800,"height":800},{"@type":"BreadcrumbList","@id":"https:\/\/parfume.ee\/ru\/\u043c\u0430\u0433\u0430\u0437\u0438\u043d\/%d0%b6%d0%b5%d0%bd%d1%89%d0%b8%d0%bd%d1%8b\/%d0%bf%d0%b0%d1%80%d1%84%d1%8e%d0%bc%d0%b5%d1%80%d0%b8%d1%8f\/%d0%be%d1%82%d0%bb%d0%b8%d0%b2%d0%b0%d0%bd%d1%82%d1%8b\/giorgio-armani-my-way-floral-edp\/#breadcrumb","itemListElement":[{"@type":"ListItem","position":1,"name":"Home","item":"https:\/\/parfume.ee\/ru\/"},{"@type":"ListItem","position":2,"name":"\u041c\u0430\u0433\u0430\u0437\u0438\u043d","item":"https:\/\/parfume.ee\/ru\/%d0%bc%d0%b0%d0%b3%d0%b0%d0%b7%d0%b8%d0%bd\/"},{"@type":"ListItem","position":3,"name":"GIORGIO ARMANI","item":"https:\/\/parfume.ee\/ru\/\u0431\u0440\u0435\u043d\u0434\/giorgio-armani\/"},{"@type":"ListItem","position":4,"name":"Giorgio Armani My Way Floral EDP"}]},{"@type":"WebSite","@id":"https:\/\/parfume.ee\/#website","url":"https:\/\/parfume.ee\/","name":"Parfume.ee","description":"Just another WordPress sit","publisher":{"@id":"https:\/\/parfume.ee\/#organization"},"potentialAction":[{"@type":"SearchAction","target":{"@type":"EntryPoint","urlTemplate":"https:\/\/parfume.ee\/?s={search_term_string}"},"query-input":{"@type":"PropertyValueSpecification","valueRequired":true,"valueName":"search_term_string"}}],"inLanguage":"ru-RU"},{"@type":"Organization","@id":"https:\/\/parfume.ee\/#organization","name":"Parfume.ee - MISTAR O\u00dc","url":"https:\/\/parfume.ee\/","logo":{"@type":"ImageObject","inLanguage":"ru-RU","@id":"https:\/\/parfume.ee\/#\/schema\/logo\/image\/","url":"https:\/\/parfume.ee\/wp-content\/uploads\/2020\/01\/logo-parfume.ee_.svg","contentUrl":"https:\/\/parfume.ee\/wp-content\/uploads\/2020\/01\/logo-parfume.ee_.svg","width":1,"height":1,"caption":"Parfume.ee - MISTAR O\u00dc"},"image":{"@id":"https:\/\/parfume.ee\/#\/schema\/logo\/image\/"},"sameAs":["https:\/\/www.facebook.com\/vivasbuduaar","https:\/\/www.instagram.com\/vivas_buduaar\/"]}]},"product_brand":"GIORGIO ARMANI","og_availability":"instock","product_availability":"instock","product_retailer_item_id":"Giorgio-Armani-My-Way-Floral-EDP","product_condition":"new"},"jetpack_sharing_enabled":true,"brands":[{"id":1921,"name":"GIORGIO ARMANI","slug":"giorgio-armani"}],"_links":{"self":[{"href":"https:\/\/parfume.ee\/ru\/wp-json\/wp\/v2\/product\/29235","targetHints":{"allow":["GET"]}}],"collection":[{"href":"https:\/\/parfume.ee\/ru\/wp-json\/wp\/v2\/product"}],"about":[{"href":"https:\/\/parfume.ee\/ru\/wp-json\/wp\/v2\/types\/product"}],"wp:featuredmedia":[{"embeddable":true,"href":"https:\/\/parfume.ee\/ru\/wp-json\/wp\/v2\/media\/29234"}],"wp:attachment":[{"href":"https:\/\/parfume.ee\/ru\/wp-json\/wp\/v2\/media?parent=29235"}],"wp:term":[{"taxonomy":"pwb-brand","embeddable":true,"href":"https:\/\/parfume.ee\/ru\/wp-json\/wp\/v2\/pwb-brand?post=29235"},{"taxonomy":"product_brand","embeddable":true,"href":"https:\/\/parfume.ee\/ru\/wp-json\/wp\/v2\/product_brand?post=29235"},{"taxonomy":"product_cat","embeddable":true,"href":"https:\/\/parfume.ee\/ru\/wp-json\/wp\/v2\/product_cat?post=29235"},{"taxonomy":"product_tag","embeddable":true,"href":"https:\/\/parfume.ee\/ru\/wp-json\/wp\/v2\/product_tag?post=29235"}],"curies":[{"name":"wp","href":"https:\/\/api.w.org\/{rel}","templated":true}]}}