{"id":30742,"date":"2022-10-06T12:52:57","date_gmt":"2022-10-06T12:52:57","guid":{"rendered":"https:\/\/parfume.ee\/pood\/uncategorized\/guerlain-aqua-allegoria-pera-granita-edt\/"},"modified":"2025-09-18T00:01:02","modified_gmt":"2025-09-18T00:01:02","slug":"guerlain-aqua-allegoria-pera-granita-edt","status":"publish","type":"product","link":"https:\/\/parfume.ee\/ru\/\u043c\u0430\u0433\u0430\u0437\u0438\u043d\/%d0%b6%d0%b5%d0%bd%d1%89%d0%b8%d0%bd%d1%8b\/%d0%bf%d0%b0%d1%80%d1%84%d1%8e%d0%bc%d0%b5%d1%80%d0%b8%d1%8f\/%d0%be%d1%82%d0%bb%d0%b8%d0%b2%d0%b0%d0%bd%d1%82%d1%8b\/guerlain-aqua-allegoria-pera-granita-edt\/","title":{"rendered":"Guerlain Aqua Allegoria Pera Granita EDT"},"content":{"rendered":"","protected":false},"excerpt":{"rendered":"<p>Guerlaini moemaja 1999.a. Aqua Allegoria l\u00f5hnasari kannab endas maailma erinevatest aedades korjatud taimede imeliselt v\u00e4rskendavaid, samas lihtsaid ja kristallselgeid aroome.<\/p>\n<p>Mahlakas ja r\u00f5\u00f5msameelne GUERLAIN Aqua Allegoria Pera Granita on kui v\u00e4rskendav jalutusk\u00e4ik Hesperidese aias.<\/p>\n","protected":false},"featured_media":32999,"template":"","meta":{"inline_featured_image":false},"pwb-brand":[1924],"product_brand":[],"product_cat":[2522],"product_tag":[],"class_list":{"0":"post-30742","1":"product","2":"type-product","3":"status-publish","4":"has-post-thumbnail","6":"pwb-brand-guerlain","7":"product_cat-2522","8":"pa_maht-10ml-ru","9":"pa_maht-2-","10":"pa_maht-5ml-ru","11":"notes-fougere-ru","12":"notes-magus-ru","13":"notes-1638","14":"notes-1491","16":"first","17":"instock","18":"shipping-taxable","19":"purchasable","20":"product-type-variable"},"yoast_head":"<!-- This site is optimized with the Yoast SEO Premium plugin v20.13 (Yoast SEO v27.1.1) - https:\/\/yoast.com\/product\/yoast-seo-premium-wordpress\/ -->\n<title>Guerlain Aqua Allegoria Pera Granita EDT - Parfume.ee<\/title>\n<meta name=\"description\" content=\"Guerlaini moemaja 1999.a. Aqua Allegoria l\u00f5hnasari kannab endas maailma erinevatest aedades korjatud taimede imeliselt v\u00e4rskendavaid, samas lihtsaid ja kristallselgeid aroome.  Mahlakas ja r\u00f5\u00f5msameelne GUERLAIN Aqua Allegoria Pera Granita on kui v\u00e4rskendav jalutusk\u00e4ik Hesperidese aias.\" \/>\n<meta name=\"robots\" content=\"index, follow, max-snippet:-1, max-image-preview:large, max-video-preview:-1\" \/>\n<link rel=\"canonical\" href=\"https:\/\/parfume.ee\/ru\/\u043c\u0430\u0433\u0430\u0437\u0438\u043d\/\u0436\u0435\u043d\u0449\u0438\u043d\u044b\/\u043f\u0430\u0440\u0444\u044e\u043c\u0435\u0440\u0438\u044f\/\u043e\u0442\u043b\u0438\u0432\u0430\u043d\u0442\u044b\/guerlain-aqua-allegoria-pera-granita-edt\/\" \/>\n<meta property=\"og:locale\" content=\"ru_RU\" \/>\n<meta property=\"og:type\" content=\"article\" \/>\n<meta property=\"og:title\" content=\"Guerlain Aqua Allegoria Pera Granita EDT\" \/>\n<meta property=\"og:description\" content=\"Guerlaini moemaja 1999.a. Aqua Allegoria l\u00f5hnasari kannab endas maailma erinevatest aedades korjatud taimede imeliselt v\u00e4rskendavaid, samas lihtsaid ja kristallselgeid aroome.  Mahlakas ja r\u00f5\u00f5msameelne GUERLAIN Aqua Allegoria Pera Granita on kui v\u00e4rskendav jalutusk\u00e4ik Hesperidese aias.\" \/>\n<meta property=\"og:url\" content=\"https:\/\/parfume.ee\/ru\/\u043c\u0430\u0433\u0430\u0437\u0438\u043d\/\u0436\u0435\u043d\u0449\u0438\u043d\u044b\/\u043f\u0430\u0440\u0444\u044e\u043c\u0435\u0440\u0438\u044f\/\u043e\u0442\u043b\u0438\u0432\u0430\u043d\u0442\u044b\/guerlain-aqua-allegoria-pera-granita-edt\/\" \/>\n<meta property=\"og:site_name\" content=\"Parfume.ee\" \/>\n<meta property=\"article:publisher\" content=\"https:\/\/www.facebook.com\/vivasbuduaar\" \/>\n<meta property=\"article:modified_time\" content=\"2025-09-18T00:01:02+00:00\" \/>\n<meta property=\"og:image\" content=\"https:\/\/parfume.ee\/wp-content\/uploads\/2022\/10\/Guerlain-Aqua-Allegoria-Pera-Granita.webp\" \/>\n\t<meta property=\"og:image:width\" content=\"2000\" \/>\n\t<meta property=\"og:image:height\" content=\"2000\" \/>\n\t<meta property=\"og:image:type\" content=\"image\/webp\" \/>\n<meta name=\"twitter:card\" content=\"summary_large_image\" \/>\n<meta name=\"twitter:label1\" content=\"\u0414\u043e\u0441\u0442\u0443\u043f\u043d\u043e\u0441\u0442\u044c\" \/>\n\t<meta name=\"twitter:data1\" content=\"\u0412 \u043d\u0430\u043b\u0438\u0447\u0438\u0438\" \/>\n<script type=\"application\/ld+json\" class=\"yoast-schema-graph\">{\"@context\":\"https:\/\/schema.org\",\"@graph\":[{\"@type\":[\"WebPage\",\"ItemPage\"],\"@id\":\"https:\/\/parfume.ee\/ru\/\u043c\u0430\u0433\u0430\u0437\u0438\u043d\/%d0%b6%d0%b5%d0%bd%d1%89%d0%b8%d0%bd%d1%8b\/%d0%bf%d0%b0%d1%80%d1%84%d1%8e%d0%bc%d0%b5%d1%80%d0%b8%d1%8f\/%d0%be%d1%82%d0%bb%d0%b8%d0%b2%d0%b0%d0%bd%d1%82%d1%8b\/guerlain-aqua-allegoria-pera-granita-edt\/\",\"url\":\"https:\/\/parfume.ee\/ru\/\u043c\u0430\u0433\u0430\u0437\u0438\u043d\/%d0%b6%d0%b5%d0%bd%d1%89%d0%b8%d0%bd%d1%8b\/%d0%bf%d0%b0%d1%80%d1%84%d1%8e%d0%bc%d0%b5%d1%80%d0%b8%d1%8f\/%d0%be%d1%82%d0%bb%d0%b8%d0%b2%d0%b0%d0%bd%d1%82%d1%8b\/guerlain-aqua-allegoria-pera-granita-edt\/\",\"name\":\"Guerlain Aqua Allegoria Pera Granita EDT - Parfume.ee\",\"isPartOf\":{\"@id\":\"https:\/\/parfume.ee\/#website\"},\"primaryImageOfPage\":{\"@id\":\"https:\/\/parfume.ee\/ru\/\u043c\u0430\u0433\u0430\u0437\u0438\u043d\/%d0%b6%d0%b5%d0%bd%d1%89%d0%b8%d0%bd%d1%8b\/%d0%bf%d0%b0%d1%80%d1%84%d1%8e%d0%bc%d0%b5%d1%80%d0%b8%d1%8f\/%d0%be%d1%82%d0%bb%d0%b8%d0%b2%d0%b0%d0%bd%d1%82%d1%8b\/guerlain-aqua-allegoria-pera-granita-edt\/#primaryimage\"},\"image\":{\"@id\":\"https:\/\/parfume.ee\/ru\/\u043c\u0430\u0433\u0430\u0437\u0438\u043d\/%d0%b6%d0%b5%d0%bd%d1%89%d0%b8%d0%bd%d1%8b\/%d0%bf%d0%b0%d1%80%d1%84%d1%8e%d0%bc%d0%b5%d1%80%d0%b8%d1%8f\/%d0%be%d1%82%d0%bb%d0%b8%d0%b2%d0%b0%d0%bd%d1%82%d1%8b\/guerlain-aqua-allegoria-pera-granita-edt\/#primaryimage\"},\"thumbnailUrl\":\"https:\/\/i0.wp.com\/parfume.ee\/wp-content\/uploads\/2022\/10\/Guerlain-Aqua-Allegoria-Pera-Granita.webp?fit=2000%2C2000&ssl=1\",\"datePublished\":\"2022-10-06T12:52:57+00:00\",\"dateModified\":\"2025-09-18T00:01:02+00:00\",\"description\":\"Guerlaini moemaja 1999.a. Aqua Allegoria l\u00f5hnasari kannab endas maailma erinevatest aedades korjatud taimede imeliselt v\u00e4rskendavaid, samas lihtsaid ja kristallselgeid aroome. Mahlakas ja r\u00f5\u00f5msameelne GUERLAIN Aqua Allegoria Pera Granita on kui v\u00e4rskendav jalutusk\u00e4ik Hesperidese aias.\",\"breadcrumb\":{\"@id\":\"https:\/\/parfume.ee\/ru\/\u043c\u0430\u0433\u0430\u0437\u0438\u043d\/%d0%b6%d0%b5%d0%bd%d1%89%d0%b8%d0%bd%d1%8b\/%d0%bf%d0%b0%d1%80%d1%84%d1%8e%d0%bc%d0%b5%d1%80%d0%b8%d1%8f\/%d0%be%d1%82%d0%bb%d0%b8%d0%b2%d0%b0%d0%bd%d1%82%d1%8b\/guerlain-aqua-allegoria-pera-granita-edt\/#breadcrumb\"},\"inLanguage\":\"ru-RU\",\"potentialAction\":[{\"@type\":\"ReadAction\",\"target\":[\"https:\/\/parfume.ee\/ru\/\u043c\u0430\u0433\u0430\u0437\u0438\u043d\/%d0%b6%d0%b5%d0%bd%d1%89%d0%b8%d0%bd%d1%8b\/%d0%bf%d0%b0%d1%80%d1%84%d1%8e%d0%bc%d0%b5%d1%80%d0%b8%d1%8f\/%d0%be%d1%82%d0%bb%d0%b8%d0%b2%d0%b0%d0%bd%d1%82%d1%8b\/guerlain-aqua-allegoria-pera-granita-edt\/\"]}]},{\"@type\":\"ImageObject\",\"inLanguage\":\"ru-RU\",\"@id\":\"https:\/\/parfume.ee\/ru\/\u043c\u0430\u0433\u0430\u0437\u0438\u043d\/%d0%b6%d0%b5%d0%bd%d1%89%d0%b8%d0%bd%d1%8b\/%d0%bf%d0%b0%d1%80%d1%84%d1%8e%d0%bc%d0%b5%d1%80%d0%b8%d1%8f\/%d0%be%d1%82%d0%bb%d0%b8%d0%b2%d0%b0%d0%bd%d1%82%d1%8b\/guerlain-aqua-allegoria-pera-granita-edt\/#primaryimage\",\"url\":\"https:\/\/i0.wp.com\/parfume.ee\/wp-content\/uploads\/2022\/10\/Guerlain-Aqua-Allegoria-Pera-Granita.webp?fit=2000%2C2000&ssl=1\",\"contentUrl\":\"https:\/\/i0.wp.com\/parfume.ee\/wp-content\/uploads\/2022\/10\/Guerlain-Aqua-Allegoria-Pera-Granita.webp?fit=2000%2C2000&ssl=1\",\"width\":2000,\"height\":2000},{\"@type\":\"BreadcrumbList\",\"@id\":\"https:\/\/parfume.ee\/ru\/\u043c\u0430\u0433\u0430\u0437\u0438\u043d\/%d0%b6%d0%b5%d0%bd%d1%89%d0%b8%d0%bd%d1%8b\/%d0%bf%d0%b0%d1%80%d1%84%d1%8e%d0%bc%d0%b5%d1%80%d0%b8%d1%8f\/%d0%be%d1%82%d0%bb%d0%b8%d0%b2%d0%b0%d0%bd%d1%82%d1%8b\/guerlain-aqua-allegoria-pera-granita-edt\/#breadcrumb\",\"itemListElement\":[{\"@type\":\"ListItem\",\"position\":1,\"name\":\"Home\",\"item\":\"https:\/\/parfume.ee\/ru\/\"},{\"@type\":\"ListItem\",\"position\":2,\"name\":\"\u041c\u0430\u0433\u0430\u0437\u0438\u043d\",\"item\":\"https:\/\/parfume.ee\/ru\/%d0%bc%d0%b0%d0%b3%d0%b0%d0%b7%d0%b8%d0%bd\/\"},{\"@type\":\"ListItem\",\"position\":3,\"name\":\"GUERLAIN\",\"item\":\"https:\/\/parfume.ee\/kaubam\u00e4rk\/guerlain\/\"},{\"@type\":\"ListItem\",\"position\":4,\"name\":\"Guerlain Aqua Allegoria Pera Granita EDT\"}]},{\"@type\":\"WebSite\",\"@id\":\"https:\/\/parfume.ee\/#website\",\"url\":\"https:\/\/parfume.ee\/\",\"name\":\"Parfume.ee\",\"description\":\"Just another WordPress sit\",\"publisher\":{\"@id\":\"https:\/\/parfume.ee\/#organization\"},\"potentialAction\":[{\"@type\":\"SearchAction\",\"target\":{\"@type\":\"EntryPoint\",\"urlTemplate\":\"https:\/\/parfume.ee\/?s={search_term_string}\"},\"query-input\":{\"@type\":\"PropertyValueSpecification\",\"valueRequired\":true,\"valueName\":\"search_term_string\"}}],\"inLanguage\":\"ru-RU\"},{\"@type\":\"Organization\",\"@id\":\"https:\/\/parfume.ee\/#organization\",\"name\":\"Parfume.ee - MISTAR O\u00dc\",\"url\":\"https:\/\/parfume.ee\/\",\"logo\":{\"@type\":\"ImageObject\",\"inLanguage\":\"ru-RU\",\"@id\":\"https:\/\/parfume.ee\/#\/schema\/logo\/image\/\",\"url\":\"https:\/\/parfume.ee\/wp-content\/uploads\/2020\/01\/logo-parfume.ee_.svg\",\"contentUrl\":\"https:\/\/parfume.ee\/wp-content\/uploads\/2020\/01\/logo-parfume.ee_.svg\",\"width\":1,\"height\":1,\"caption\":\"Parfume.ee - MISTAR O\u00dc\"},\"image\":{\"@id\":\"https:\/\/parfume.ee\/#\/schema\/logo\/image\/\"},\"sameAs\":[\"https:\/\/www.facebook.com\/vivasbuduaar\",\"https:\/\/www.instagram.com\/vivas_buduaar\/\"]}]}<\/script>\n<meta property=\"product:brand\" content=\"GUERLAIN\" \/>\n<meta property=\"og:availability\" content=\"instock\" \/>\n<meta property=\"product:availability\" content=\"instock\" \/>\n<meta property=\"product:retailer_item_id\" content=\"Guerlain-Aqua-Allegoria-Pera-Granita-EDT\" \/>\n<meta property=\"product:condition\" content=\"new\" \/>\n<!-- \/ Yoast SEO Premium plugin. -->","yoast_head_json":{"title":"Guerlain Aqua Allegoria Pera Granita EDT - Parfume.ee","description":"Guerlaini moemaja 1999.a. Aqua Allegoria l\u00f5hnasari kannab endas maailma erinevatest aedades korjatud taimede imeliselt v\u00e4rskendavaid, samas lihtsaid ja kristallselgeid aroome.  Mahlakas ja r\u00f5\u00f5msameelne GUERLAIN Aqua Allegoria Pera Granita on kui v\u00e4rskendav jalutusk\u00e4ik Hesperidese aias.","robots":{"index":"index","follow":"follow","max-snippet":"max-snippet:-1","max-image-preview":"max-image-preview:large","max-video-preview":"max-video-preview:-1"},"canonical":"https:\/\/parfume.ee\/ru\/\u043c\u0430\u0433\u0430\u0437\u0438\u043d\/\u0436\u0435\u043d\u0449\u0438\u043d\u044b\/\u043f\u0430\u0440\u0444\u044e\u043c\u0435\u0440\u0438\u044f\/\u043e\u0442\u043b\u0438\u0432\u0430\u043d\u0442\u044b\/guerlain-aqua-allegoria-pera-granita-edt\/","og_locale":"ru_RU","og_type":"article","og_title":"Guerlain Aqua Allegoria Pera Granita EDT","og_description":"Guerlaini moemaja 1999.a. Aqua Allegoria l\u00f5hnasari kannab endas maailma erinevatest aedades korjatud taimede imeliselt v\u00e4rskendavaid, samas lihtsaid ja kristallselgeid aroome.  Mahlakas ja r\u00f5\u00f5msameelne GUERLAIN Aqua Allegoria Pera Granita on kui v\u00e4rskendav jalutusk\u00e4ik Hesperidese aias.","og_url":"https:\/\/parfume.ee\/ru\/\u043c\u0430\u0433\u0430\u0437\u0438\u043d\/\u0436\u0435\u043d\u0449\u0438\u043d\u044b\/\u043f\u0430\u0440\u0444\u044e\u043c\u0435\u0440\u0438\u044f\/\u043e\u0442\u043b\u0438\u0432\u0430\u043d\u0442\u044b\/guerlain-aqua-allegoria-pera-granita-edt\/","og_site_name":"Parfume.ee","article_publisher":"https:\/\/www.facebook.com\/vivasbuduaar","article_modified_time":"2025-09-18T00:01:02+00:00","og_image":[{"width":2000,"height":2000,"url":"https:\/\/parfume.ee\/wp-content\/uploads\/2022\/10\/Guerlain-Aqua-Allegoria-Pera-Granita.webp","type":"image\/webp"}],"twitter_card":"summary_large_image","twitter_misc":{"\u0414\u043e\u0441\u0442\u0443\u043f\u043d\u043e\u0441\u0442\u044c":"\u0412 \u043d\u0430\u043b\u0438\u0447\u0438\u0438"},"schema":{"@context":"https:\/\/schema.org","@graph":[{"@type":["WebPage","ItemPage"],"@id":"https:\/\/parfume.ee\/ru\/\u043c\u0430\u0433\u0430\u0437\u0438\u043d\/%d0%b6%d0%b5%d0%bd%d1%89%d0%b8%d0%bd%d1%8b\/%d0%bf%d0%b0%d1%80%d1%84%d1%8e%d0%bc%d0%b5%d1%80%d0%b8%d1%8f\/%d0%be%d1%82%d0%bb%d0%b8%d0%b2%d0%b0%d0%bd%d1%82%d1%8b\/guerlain-aqua-allegoria-pera-granita-edt\/","url":"https:\/\/parfume.ee\/ru\/\u043c\u0430\u0433\u0430\u0437\u0438\u043d\/%d0%b6%d0%b5%d0%bd%d1%89%d0%b8%d0%bd%d1%8b\/%d0%bf%d0%b0%d1%80%d1%84%d1%8e%d0%bc%d0%b5%d1%80%d0%b8%d1%8f\/%d0%be%d1%82%d0%bb%d0%b8%d0%b2%d0%b0%d0%bd%d1%82%d1%8b\/guerlain-aqua-allegoria-pera-granita-edt\/","name":"Guerlain Aqua Allegoria Pera Granita EDT - Parfume.ee","isPartOf":{"@id":"https:\/\/parfume.ee\/#website"},"primaryImageOfPage":{"@id":"https:\/\/parfume.ee\/ru\/\u043c\u0430\u0433\u0430\u0437\u0438\u043d\/%d0%b6%d0%b5%d0%bd%d1%89%d0%b8%d0%bd%d1%8b\/%d0%bf%d0%b0%d1%80%d1%84%d1%8e%d0%bc%d0%b5%d1%80%d0%b8%d1%8f\/%d0%be%d1%82%d0%bb%d0%b8%d0%b2%d0%b0%d0%bd%d1%82%d1%8b\/guerlain-aqua-allegoria-pera-granita-edt\/#primaryimage"},"image":{"@id":"https:\/\/parfume.ee\/ru\/\u043c\u0430\u0433\u0430\u0437\u0438\u043d\/%d0%b6%d0%b5%d0%bd%d1%89%d0%b8%d0%bd%d1%8b\/%d0%bf%d0%b0%d1%80%d1%84%d1%8e%d0%bc%d0%b5%d1%80%d0%b8%d1%8f\/%d0%be%d1%82%d0%bb%d0%b8%d0%b2%d0%b0%d0%bd%d1%82%d1%8b\/guerlain-aqua-allegoria-pera-granita-edt\/#primaryimage"},"thumbnailUrl":"https:\/\/i0.wp.com\/parfume.ee\/wp-content\/uploads\/2022\/10\/Guerlain-Aqua-Allegoria-Pera-Granita.webp?fit=2000%2C2000&ssl=1","datePublished":"2022-10-06T12:52:57+00:00","dateModified":"2025-09-18T00:01:02+00:00","description":"Guerlaini moemaja 1999.a. Aqua Allegoria l\u00f5hnasari kannab endas maailma erinevatest aedades korjatud taimede imeliselt v\u00e4rskendavaid, samas lihtsaid ja kristallselgeid aroome. Mahlakas ja r\u00f5\u00f5msameelne GUERLAIN Aqua Allegoria Pera Granita on kui v\u00e4rskendav jalutusk\u00e4ik Hesperidese aias.","breadcrumb":{"@id":"https:\/\/parfume.ee\/ru\/\u043c\u0430\u0433\u0430\u0437\u0438\u043d\/%d0%b6%d0%b5%d0%bd%d1%89%d0%b8%d0%bd%d1%8b\/%d0%bf%d0%b0%d1%80%d1%84%d1%8e%d0%bc%d0%b5%d1%80%d0%b8%d1%8f\/%d0%be%d1%82%d0%bb%d0%b8%d0%b2%d0%b0%d0%bd%d1%82%d1%8b\/guerlain-aqua-allegoria-pera-granita-edt\/#breadcrumb"},"inLanguage":"ru-RU","potentialAction":[{"@type":"ReadAction","target":["https:\/\/parfume.ee\/ru\/\u043c\u0430\u0433\u0430\u0437\u0438\u043d\/%d0%b6%d0%b5%d0%bd%d1%89%d0%b8%d0%bd%d1%8b\/%d0%bf%d0%b0%d1%80%d1%84%d1%8e%d0%bc%d0%b5%d1%80%d0%b8%d1%8f\/%d0%be%d1%82%d0%bb%d0%b8%d0%b2%d0%b0%d0%bd%d1%82%d1%8b\/guerlain-aqua-allegoria-pera-granita-edt\/"]}]},{"@type":"ImageObject","inLanguage":"ru-RU","@id":"https:\/\/parfume.ee\/ru\/\u043c\u0430\u0433\u0430\u0437\u0438\u043d\/%d0%b6%d0%b5%d0%bd%d1%89%d0%b8%d0%bd%d1%8b\/%d0%bf%d0%b0%d1%80%d1%84%d1%8e%d0%bc%d0%b5%d1%80%d0%b8%d1%8f\/%d0%be%d1%82%d0%bb%d0%b8%d0%b2%d0%b0%d0%bd%d1%82%d1%8b\/guerlain-aqua-allegoria-pera-granita-edt\/#primaryimage","url":"https:\/\/i0.wp.com\/parfume.ee\/wp-content\/uploads\/2022\/10\/Guerlain-Aqua-Allegoria-Pera-Granita.webp?fit=2000%2C2000&ssl=1","contentUrl":"https:\/\/i0.wp.com\/parfume.ee\/wp-content\/uploads\/2022\/10\/Guerlain-Aqua-Allegoria-Pera-Granita.webp?fit=2000%2C2000&ssl=1","width":2000,"height":2000},{"@type":"BreadcrumbList","@id":"https:\/\/parfume.ee\/ru\/\u043c\u0430\u0433\u0430\u0437\u0438\u043d\/%d0%b6%d0%b5%d0%bd%d1%89%d0%b8%d0%bd%d1%8b\/%d0%bf%d0%b0%d1%80%d1%84%d1%8e%d0%bc%d0%b5%d1%80%d0%b8%d1%8f\/%d0%be%d1%82%d0%bb%d0%b8%d0%b2%d0%b0%d0%bd%d1%82%d1%8b\/guerlain-aqua-allegoria-pera-granita-edt\/#breadcrumb","itemListElement":[{"@type":"ListItem","position":1,"name":"Home","item":"https:\/\/parfume.ee\/ru\/"},{"@type":"ListItem","position":2,"name":"\u041c\u0430\u0433\u0430\u0437\u0438\u043d","item":"https:\/\/parfume.ee\/ru\/%d0%bc%d0%b0%d0%b3%d0%b0%d0%b7%d0%b8%d0%bd\/"},{"@type":"ListItem","position":3,"name":"GUERLAIN","item":"https:\/\/parfume.ee\/kaubam\u00e4rk\/guerlain\/"},{"@type":"ListItem","position":4,"name":"Guerlain Aqua Allegoria Pera Granita EDT"}]},{"@type":"WebSite","@id":"https:\/\/parfume.ee\/#website","url":"https:\/\/parfume.ee\/","name":"Parfume.ee","description":"Just another WordPress sit","publisher":{"@id":"https:\/\/parfume.ee\/#organization"},"potentialAction":[{"@type":"SearchAction","target":{"@type":"EntryPoint","urlTemplate":"https:\/\/parfume.ee\/?s={search_term_string}"},"query-input":{"@type":"PropertyValueSpecification","valueRequired":true,"valueName":"search_term_string"}}],"inLanguage":"ru-RU"},{"@type":"Organization","@id":"https:\/\/parfume.ee\/#organization","name":"Parfume.ee - MISTAR O\u00dc","url":"https:\/\/parfume.ee\/","logo":{"@type":"ImageObject","inLanguage":"ru-RU","@id":"https:\/\/parfume.ee\/#\/schema\/logo\/image\/","url":"https:\/\/parfume.ee\/wp-content\/uploads\/2020\/01\/logo-parfume.ee_.svg","contentUrl":"https:\/\/parfume.ee\/wp-content\/uploads\/2020\/01\/logo-parfume.ee_.svg","width":1,"height":1,"caption":"Parfume.ee - MISTAR O\u00dc"},"image":{"@id":"https:\/\/parfume.ee\/#\/schema\/logo\/image\/"},"sameAs":["https:\/\/www.facebook.com\/vivasbuduaar","https:\/\/www.instagram.com\/vivas_buduaar\/"]}]},"product_brand":"GUERLAIN","og_availability":"instock","product_availability":"instock","product_retailer_item_id":"Guerlain-Aqua-Allegoria-Pera-Granita-EDT","product_condition":"new"},"jetpack_sharing_enabled":true,"brands":[{"id":1924,"name":"GUERLAIN","slug":"guerlain"}],"_links":{"self":[{"href":"https:\/\/parfume.ee\/ru\/wp-json\/wp\/v2\/product\/30742","targetHints":{"allow":["GET"]}}],"collection":[{"href":"https:\/\/parfume.ee\/ru\/wp-json\/wp\/v2\/product"}],"about":[{"href":"https:\/\/parfume.ee\/ru\/wp-json\/wp\/v2\/types\/product"}],"wp:featuredmedia":[{"embeddable":true,"href":"https:\/\/parfume.ee\/ru\/wp-json\/wp\/v2\/media\/32999"}],"wp:attachment":[{"href":"https:\/\/parfume.ee\/ru\/wp-json\/wp\/v2\/media?parent=30742"}],"wp:term":[{"taxonomy":"pwb-brand","embeddable":true,"href":"https:\/\/parfume.ee\/ru\/wp-json\/wp\/v2\/pwb-brand?post=30742"},{"taxonomy":"product_brand","embeddable":true,"href":"https:\/\/parfume.ee\/ru\/wp-json\/wp\/v2\/product_brand?post=30742"},{"taxonomy":"product_cat","embeddable":true,"href":"https:\/\/parfume.ee\/ru\/wp-json\/wp\/v2\/product_cat?post=30742"},{"taxonomy":"product_tag","embeddable":true,"href":"https:\/\/parfume.ee\/ru\/wp-json\/wp\/v2\/product_tag?post=30742"}],"curies":[{"name":"wp","href":"https:\/\/api.w.org\/{rel}","templated":true}]}}